{"id":5567,"date":"2018-04-08T13:52:50","date_gmt":"2018-04-08T12:52:50","guid":{"rendered":"http:\/\/www.spa-grillon.fr\/?page_id=5567"},"modified":"2018-04-12T08:05:56","modified_gmt":"2018-04-12T07:05:56","slug":"neville","status":"publish","type":"page","link":"https:\/\/www.spa-grillon.fr\/?page_id=5567","title":{"rendered":"NEUVILLE"},"content":{"rendered":"<p><strong><img decoding=\"async\" loading=\"lazy\" class=\"alignleft size-medium wp-image-5571\" src=\"http:\/\/www.spa-grillon.fr\/wp-content\/uploads\/2018\/04\/Neville-4-300x300.jpg\" alt=\"Neville (4)\" width=\"300\" height=\"300\" srcset=\"https:\/\/www.spa-grillon.fr\/wp-content\/uploads\/2018\/04\/Neville-4-300x300.jpg 300w, https:\/\/www.spa-grillon.fr\/wp-content\/uploads\/2018\/04\/Neville-4-150x150.jpg 150w, https:\/\/www.spa-grillon.fr\/wp-content\/uploads\/2018\/04\/Neville-4-768x768.jpg 768w, https:\/\/www.spa-grillon.fr\/wp-content\/uploads\/2018\/04\/Neville-4-1024x1024.jpg 1024w\" sizes=\"(max-width: 300px) 100vw, 300px\" \/><\/strong><\/p>\n<p>&nbsp;<\/p>\n<p><strong>Race<\/strong> : crois\u00e9 jack russel \/ autre<\/p>\n<p><strong>Age<\/strong> : n\u00e9 en 05\/2017<\/p>\n<p><strong>Sexe<\/strong> : m\u00e2le<\/p>\n<p><strong>taille<\/strong> : moyenne<\/p>\n<p>&nbsp;<\/p>\n<p>&nbsp;<\/p>\n<p style=\"text-align: justify;\"><strong>Caract\u00e9ristiques<\/strong> : Qu&rsquo;on ne s&rsquo;y trompe pas : ce gentil petit chien a bien du jack russel mais il n&rsquo;en a ni le caract\u00e8re exub\u00e9rant et dominant ni la taille : il est en effet plus grand qu&rsquo;un jack. Ce chien \u00e9tait r\u00e9guli\u00e8rement enferm\u00e9 dans une casse de transport pour chat dans laquelle il ne tenait pas debout. Probablement pour \u00e9viter les salissures quand on le laissait seul. Pourtant, difficile de trouver plus \u00e9quilibr\u00e9 que ce petit gars! Il est tr\u00e8s calme, gentil, extr\u00eamement affectueux. Un toutou au caract\u00e8re tranquille et attachant, sociable avec ses cong\u00e9n\u00e8res m\u00e2les et femelles. Les chats ne semblent pas l&rsquo;int\u00e9resser plus que cela. Il conna\u00eet d\u00e9j\u00e0 plusieurs ordres et si son \u00e9ducation sera \u00e0 approfondir car il est encore\u00a0 jeune, ce ne sera sans doute pas difficile car il a de bonnes bases et se montre attentif. Il ne tire pas en laisse lors des balades qu&rsquo;il affectionne particuli\u00e8rement. Il ferait un parfait chien de famille et trouverait sans doute son compte \u00e0 vivre avec des enfants pour qui il serait un excellent compagnon de jeux.<\/p>\n<p style=\"text-align: justify;\"><img decoding=\"async\" loading=\"lazy\" class=\"alignleft wp-image-5569\" src=\"http:\/\/www.spa-grillon.fr\/wp-content\/uploads\/2018\/04\/Neville-2-300x300.jpg\" alt=\"Neville (2)\" width=\"294\" height=\"294\" srcset=\"https:\/\/www.spa-grillon.fr\/wp-content\/uploads\/2018\/04\/Neville-2-300x300.jpg 300w, https:\/\/www.spa-grillon.fr\/wp-content\/uploads\/2018\/04\/Neville-2-150x150.jpg 150w, https:\/\/www.spa-grillon.fr\/wp-content\/uploads\/2018\/04\/Neville-2-768x768.jpg 768w, https:\/\/www.spa-grillon.fr\/wp-content\/uploads\/2018\/04\/Neville-2-1024x1024.jpg 1024w, https:\/\/www.spa-grillon.fr\/wp-content\/uploads\/2018\/04\/Neville-2.jpg 1875w\" sizes=\"(max-width: 294px) 100vw, 294px\" \/><\/p>\n<p style=\"text-align: justify;\"><img decoding=\"async\" loading=\"lazy\" class=\"alignright wp-image-5570 \" src=\"http:\/\/www.spa-grillon.fr\/wp-content\/uploads\/2018\/04\/Neville-3-300x300.jpg\" alt=\"Neville (3)\" width=\"294\" height=\"294\" srcset=\"https:\/\/www.spa-grillon.fr\/wp-content\/uploads\/2018\/04\/Neville-3-300x300.jpg 300w, https:\/\/www.spa-grillon.fr\/wp-content\/uploads\/2018\/04\/Neville-3-150x150.jpg 150w, https:\/\/www.spa-grillon.fr\/wp-content\/uploads\/2018\/04\/Neville-3-768x768.jpg 768w, https:\/\/www.spa-grillon.fr\/wp-content\/uploads\/2018\/04\/Neville-3-1024x1024.jpg 1024w, https:\/\/www.spa-grillon.fr\/wp-content\/uploads\/2018\/04\/Neville-3.jpg 1197w\" sizes=\"(max-width: 294px) 100vw, 294px\" \/><\/p>\n<p style=\"text-align: justify;\"><img decoding=\"async\" loading=\"lazy\" class=\"wp-image-5568 aligncenter\" src=\"http:\/\/www.spa-grillon.fr\/wp-content\/uploads\/2018\/04\/Neville-1.jpg\" alt=\"Neville (1)\" width=\"545\" height=\"545\" \/><\/p>\n","protected":false},"excerpt":{"rendered":"<p>&nbsp; Race : crois\u00e9 jack russel \/ autre Age : n\u00e9 en 05\/2017 Sexe : m\u00e2le taille : moyenne &nbsp; &nbsp; Caract\u00e9ristiques : Qu&rsquo;on ne s&rsquo;y trompe pas : ce gentil petit chien a bien du jack russel mais il &hellip; <a href=\"https:\/\/www.spa-grillon.fr\/?page_id=5567\">Continuer la lecture <span class=\"meta-nav\">&rarr;<\/span><\/a><\/p>\n","protected":false},"author":2,"featured_media":0,"parent":0,"menu_order":0,"comment_status":"closed","ping_status":"closed","template":"","meta":[],"_links":{"self":[{"href":"https:\/\/www.spa-grillon.fr\/index.php?rest_route=\/wp\/v2\/pages\/5567"}],"collection":[{"href":"https:\/\/www.spa-grillon.fr\/index.php?rest_route=\/wp\/v2\/pages"}],"about":[{"href":"https:\/\/www.spa-grillon.fr\/index.php?rest_route=\/wp\/v2\/types\/page"}],"author":[{"embeddable":true,"href":"https:\/\/www.spa-grillon.fr\/index.php?rest_route=\/wp\/v2\/users\/2"}],"replies":[{"embeddable":true,"href":"https:\/\/www.spa-grillon.fr\/index.php?rest_route=%2Fwp%2Fv2%2Fcomments&post=5567"}],"version-history":[{"count":3,"href":"https:\/\/www.spa-grillon.fr\/index.php?rest_route=\/wp\/v2\/pages\/5567\/revisions"}],"predecessor-version":[{"id":5582,"href":"https:\/\/www.spa-grillon.fr\/index.php?rest_route=\/wp\/v2\/pages\/5567\/revisions\/5582"}],"wp:attachment":[{"href":"https:\/\/www.spa-grillon.fr\/index.php?rest_route=%2Fwp%2Fv2%2Fmedia&parent=5567"}],"curies":[{"name":"wp","href":"https:\/\/api.w.org\/{rel}","templated":true}]}}