{"id":5783,"date":"2018-06-10T13:51:31","date_gmt":"2018-06-10T12:51:31","guid":{"rendered":"http:\/\/www.spa-grillon.fr\/?page_id=5783"},"modified":"2018-06-13T16:29:59","modified_gmt":"2018-06-13T15:29:59","slug":"caline","status":"publish","type":"page","link":"https:\/\/www.spa-grillon.fr\/?page_id=5783","title":{"rendered":"CALINE"},"content":{"rendered":"<p><strong><img decoding=\"async\" loading=\"lazy\" class=\"alignleft size-medium wp-image-5771\" src=\"http:\/\/www.spa-grillon.fr\/wp-content\/uploads\/2018\/05\/maman-e1527689648558-300x275.jpg\" alt=\"maman\" width=\"300\" height=\"275\" srcset=\"https:\/\/www.spa-grillon.fr\/wp-content\/uploads\/2018\/05\/maman-e1527689648558-300x275.jpg 300w, https:\/\/www.spa-grillon.fr\/wp-content\/uploads\/2018\/05\/maman-e1527689648558-768x703.jpg 768w, https:\/\/www.spa-grillon.fr\/wp-content\/uploads\/2018\/05\/maman-e1527689648558.jpg 817w\" sizes=\"(max-width: 300px) 100vw, 300px\" \/><\/strong><\/p>\n<p>&nbsp;<\/p>\n<p><strong>Sexe<\/strong> : femelle<\/p>\n<p><strong>Race <\/strong>: labrit<\/p>\n<p><strong>Age <\/strong>: n\u00e9e en 01\/2016<\/p>\n<p><strong>Taille <\/strong>: moyenne<\/p>\n<p>&nbsp;<\/p>\n<p style=\"text-align: justify;\"><strong><br \/>\nCaract\u00e9ristiques<\/strong> : Cette jolie petite chienne, toute douce, est arriv\u00e9e errante au refuge avec ses trois petits. Elle a bien \u00e9lev\u00e9 ses rejetons, d\u00e9sormais autonomes et eux aussi \u00e0 l&rsquo;adoption (Orion, Oural, Odin) et elle se trouve assez bien sans compagnie canine. Elle a v\u00e9cu une vie de boh\u00e8me et a visiblement manqu\u00e9 de nourriture ; elle peut donc se montrer un peu grincheuse avec ses cong\u00e9n\u00e8res mais elle manifeste sa crainte surtout : une fois rassur\u00e9e, elle est adorable. Elle semble ne pas appr\u00e9cier les chats mais il faudra v\u00e9rifier quand elle sera plus \u00e0 son aise : les animaux peuvent avoir un comportement tellement diff\u00e9rent au refuge et dans une vraie maison qu\u2019il ne faut pr\u00e9juger de rien. En revanche, elle adore les gens, se montre tr\u00e8s affectueuse et soumise ; un amour ! Elle prom\u00e8ne tr\u00e8s facilement en laisse et peut vivre en appartement pour peu qu\u2019elle soit sortie r\u00e9guli\u00e8rement. Ne passez pas \u00e0 c\u00f4t\u00e9 de ce joli c\u0153ur poilu !<\/p>\n<p style=\"text-align: justify;\"><img decoding=\"async\" loading=\"lazy\" class=\"wp-image-5829  aligncenter\" src=\"http:\/\/www.spa-grillon.fr\/wp-content\/uploads\/2018\/06\/Caline-1-1024x1024.jpg\" alt=\"Caline''\" width=\"569\" height=\"569\" srcset=\"https:\/\/www.spa-grillon.fr\/wp-content\/uploads\/2018\/06\/Caline-1-1024x1024.jpg 1024w, https:\/\/www.spa-grillon.fr\/wp-content\/uploads\/2018\/06\/Caline-1-150x150.jpg 150w, https:\/\/www.spa-grillon.fr\/wp-content\/uploads\/2018\/06\/Caline-1-300x300.jpg 300w, https:\/\/www.spa-grillon.fr\/wp-content\/uploads\/2018\/06\/Caline-1-768x768.jpg 768w, https:\/\/www.spa-grillon.fr\/wp-content\/uploads\/2018\/06\/Caline-1.jpg 1269w\" sizes=\"(max-width: 569px) 100vw, 569px\" \/> <img decoding=\"async\" loading=\"lazy\" class=\"wp-image-5828  aligncenter\" src=\"http:\/\/www.spa-grillon.fr\/wp-content\/uploads\/2018\/06\/Caline-1024x1024.jpg\" alt=\"Caline\" width=\"569\" height=\"569\" srcset=\"https:\/\/www.spa-grillon.fr\/wp-content\/uploads\/2018\/06\/Caline-1024x1024.jpg 1024w, https:\/\/www.spa-grillon.fr\/wp-content\/uploads\/2018\/06\/Caline-150x150.jpg 150w, https:\/\/www.spa-grillon.fr\/wp-content\/uploads\/2018\/06\/Caline-300x300.jpg 300w, https:\/\/www.spa-grillon.fr\/wp-content\/uploads\/2018\/06\/Caline-768x768.jpg 768w, https:\/\/www.spa-grillon.fr\/wp-content\/uploads\/2018\/06\/Caline.jpg 1053w\" sizes=\"(max-width: 569px) 100vw, 569px\" \/><\/p>\n","protected":false},"excerpt":{"rendered":"<p>&nbsp; Sexe : femelle Race : labrit Age : n\u00e9e en 01\/2016 Taille : moyenne &nbsp; Caract\u00e9ristiques : Cette jolie petite chienne, toute douce, est arriv\u00e9e errante au refuge avec ses trois petits. Elle a bien \u00e9lev\u00e9 ses rejetons, d\u00e9sormais &hellip; <a href=\"https:\/\/www.spa-grillon.fr\/?page_id=5783\">Continuer la lecture <span class=\"meta-nav\">&rarr;<\/span><\/a><\/p>\n","protected":false},"author":2,"featured_media":0,"parent":0,"menu_order":0,"comment_status":"closed","ping_status":"closed","template":"","meta":[],"_links":{"self":[{"href":"https:\/\/www.spa-grillon.fr\/index.php?rest_route=\/wp\/v2\/pages\/5783"}],"collection":[{"href":"https:\/\/www.spa-grillon.fr\/index.php?rest_route=\/wp\/v2\/pages"}],"about":[{"href":"https:\/\/www.spa-grillon.fr\/index.php?rest_route=\/wp\/v2\/types\/page"}],"author":[{"embeddable":true,"href":"https:\/\/www.spa-grillon.fr\/index.php?rest_route=\/wp\/v2\/users\/2"}],"replies":[{"embeddable":true,"href":"https:\/\/www.spa-grillon.fr\/index.php?rest_route=%2Fwp%2Fv2%2Fcomments&post=5783"}],"version-history":[{"count":3,"href":"https:\/\/www.spa-grillon.fr\/index.php?rest_route=\/wp\/v2\/pages\/5783\/revisions"}],"predecessor-version":[{"id":5830,"href":"https:\/\/www.spa-grillon.fr\/index.php?rest_route=\/wp\/v2\/pages\/5783\/revisions\/5830"}],"wp:attachment":[{"href":"https:\/\/www.spa-grillon.fr\/index.php?rest_route=%2Fwp%2Fv2%2Fmedia&parent=5783"}],"curies":[{"name":"wp","href":"https:\/\/api.w.org\/{rel}","templated":true}]}}