{"id":6069,"date":"2018-08-17T16:31:39","date_gmt":"2018-08-17T15:31:39","guid":{"rendered":"http:\/\/www.spa-grillon.fr\/?page_id=6069"},"modified":"2018-08-17T22:16:57","modified_gmt":"2018-08-17T21:16:57","slug":"youki-2","status":"publish","type":"page","link":"https:\/\/www.spa-grillon.fr\/?page_id=6069","title":{"rendered":"YOUKI"},"content":{"rendered":"<p><strong><img decoding=\"async\" loading=\"lazy\" class=\"alignleft wp-image-6070 size-medium\" src=\"http:\/\/www.spa-grillon.fr\/wp-content\/uploads\/2018\/08\/IMG_20180817_093007-300x300.jpg\" alt=\"\" width=\"300\" height=\"300\" srcset=\"https:\/\/www.spa-grillon.fr\/wp-content\/uploads\/2018\/08\/IMG_20180817_093007-300x300.jpg 300w, https:\/\/www.spa-grillon.fr\/wp-content\/uploads\/2018\/08\/IMG_20180817_093007-150x150.jpg 150w, https:\/\/www.spa-grillon.fr\/wp-content\/uploads\/2018\/08\/IMG_20180817_093007-768x768.jpg 768w, https:\/\/www.spa-grillon.fr\/wp-content\/uploads\/2018\/08\/IMG_20180817_093007-1024x1024.jpg 1024w\" sizes=\"(max-width: 300px) 100vw, 300px\" \/><\/strong><\/p>\n<p>&nbsp;<\/p>\n<p><strong>Race<\/strong> : chihuahua<\/p>\n<p><strong>Age<\/strong> : n\u00e9 en 11\/2012<\/p>\n<p><strong>Sexe<\/strong> : m\u00e2le<\/p>\n<p><strong>Taille<\/strong> : petite<\/p>\n<p>&nbsp;<\/p>\n<p>&nbsp;<\/p>\n<p style=\"text-align: justify;\"><strong>Caract\u00e9ristiques<\/strong> : Youki a \u00e9t\u00e9 abandonn\u00e9 suite \u00e0 un divorce. Il est encore un peu perturb\u00e9 et la vie en box lui semble bien p\u00e9nible encore ce qui le conduit \u00e0 se cacher sous sa niche ou \u00e0 grogner mais c&rsquo;est la peur qui le fait r\u00e9agir ainsi. Il a fait beaucoup de progr\u00e8s et commence \u00e0 comprendre que personne ne lui veut de mal. Il se prom\u00e8ne facilement en laisse et semble s&rsquo;entendre avec ses cong\u00e9n\u00e8res. Il vivait avec deux chats et des enfants ce qui permet d&rsquo;envisager tout type de foyer pour lui. Youki aura sans doute besoin d&rsquo;un peu de temps pour s&rsquo;adapter \u00e0 la nouveaut\u00e9, ses nouveaux ma\u00eetres devront composer un temps avec sa timidit\u00e9 mais elle passera dans doute bien vite une fois retrouv\u00e9e une vie de chien normale.<\/p>\n<p><img decoding=\"async\" loading=\"lazy\" class=\"wp-image-6071 aligncenter\" src=\"http:\/\/www.spa-grillon.fr\/wp-content\/uploads\/2018\/08\/IMG_20180817_093016-1024x1024.jpg\" alt=\"\" width=\"539\" height=\"539\" srcset=\"https:\/\/www.spa-grillon.fr\/wp-content\/uploads\/2018\/08\/IMG_20180817_093016-1024x1024.jpg 1024w, https:\/\/www.spa-grillon.fr\/wp-content\/uploads\/2018\/08\/IMG_20180817_093016-150x150.jpg 150w, https:\/\/www.spa-grillon.fr\/wp-content\/uploads\/2018\/08\/IMG_20180817_093016-300x300.jpg 300w, https:\/\/www.spa-grillon.fr\/wp-content\/uploads\/2018\/08\/IMG_20180817_093016-768x768.jpg 768w, https:\/\/www.spa-grillon.fr\/wp-content\/uploads\/2018\/08\/IMG_20180817_093016.jpg 1431w\" sizes=\"(max-width: 539px) 100vw, 539px\" \/><\/p>\n<p><img decoding=\"async\" loading=\"lazy\" class=\"wp-image-6072 aligncenter\" src=\"http:\/\/www.spa-grillon.fr\/wp-content\/uploads\/2018\/08\/IMG_20180817_093020-1024x1024.jpg\" alt=\"\" width=\"540\" height=\"540\" srcset=\"https:\/\/www.spa-grillon.fr\/wp-content\/uploads\/2018\/08\/IMG_20180817_093020-1024x1024.jpg 1024w, https:\/\/www.spa-grillon.fr\/wp-content\/uploads\/2018\/08\/IMG_20180817_093020-150x150.jpg 150w, https:\/\/www.spa-grillon.fr\/wp-content\/uploads\/2018\/08\/IMG_20180817_093020-300x300.jpg 300w, https:\/\/www.spa-grillon.fr\/wp-content\/uploads\/2018\/08\/IMG_20180817_093020-768x768.jpg 768w, https:\/\/www.spa-grillon.fr\/wp-content\/uploads\/2018\/08\/IMG_20180817_093020.jpg 1878w\" sizes=\"(max-width: 540px) 100vw, 540px\" \/><\/p>\n","protected":false},"excerpt":{"rendered":"<p>&nbsp; Race : chihuahua Age : n\u00e9 en 11\/2012 Sexe : m\u00e2le Taille : petite &nbsp; &nbsp; Caract\u00e9ristiques : Youki a \u00e9t\u00e9 abandonn\u00e9 suite \u00e0 un divorce. Il est encore un peu perturb\u00e9 et la vie en box lui semble &hellip; <a href=\"https:\/\/www.spa-grillon.fr\/?page_id=6069\">Continuer la lecture <span class=\"meta-nav\">&rarr;<\/span><\/a><\/p>\n","protected":false},"author":2,"featured_media":0,"parent":0,"menu_order":0,"comment_status":"closed","ping_status":"closed","template":"","meta":[],"_links":{"self":[{"href":"https:\/\/www.spa-grillon.fr\/index.php?rest_route=\/wp\/v2\/pages\/6069"}],"collection":[{"href":"https:\/\/www.spa-grillon.fr\/index.php?rest_route=\/wp\/v2\/pages"}],"about":[{"href":"https:\/\/www.spa-grillon.fr\/index.php?rest_route=\/wp\/v2\/types\/page"}],"author":[{"embeddable":true,"href":"https:\/\/www.spa-grillon.fr\/index.php?rest_route=\/wp\/v2\/users\/2"}],"replies":[{"embeddable":true,"href":"https:\/\/www.spa-grillon.fr\/index.php?rest_route=%2Fwp%2Fv2%2Fcomments&post=6069"}],"version-history":[{"count":3,"href":"https:\/\/www.spa-grillon.fr\/index.php?rest_route=\/wp\/v2\/pages\/6069\/revisions"}],"predecessor-version":[{"id":6095,"href":"https:\/\/www.spa-grillon.fr\/index.php?rest_route=\/wp\/v2\/pages\/6069\/revisions\/6095"}],"wp:attachment":[{"href":"https:\/\/www.spa-grillon.fr\/index.php?rest_route=%2Fwp%2Fv2%2Fmedia&parent=6069"}],"curies":[{"name":"wp","href":"https:\/\/api.w.org\/{rel}","templated":true}]}}