{"id":6452,"date":"2018-12-30T09:31:07","date_gmt":"2018-12-30T08:31:07","guid":{"rendered":"http:\/\/www.spa-grillon.fr\/?page_id=6452"},"modified":"2018-12-30T09:33:44","modified_gmt":"2018-12-30T08:33:44","slug":"oscar-2","status":"publish","type":"page","link":"https:\/\/www.spa-grillon.fr\/?page_id=6452","title":{"rendered":"OSCAR"},"content":{"rendered":"<p><strong><img decoding=\"async\" loading=\"lazy\" class=\"alignleft size-medium wp-image-6459\" src=\"http:\/\/www.spa-grillon.fr\/wp-content\/uploads\/2018\/12\/Oscar-300x300.jpg\" alt=\"Oscar\" width=\"300\" height=\"300\" srcset=\"https:\/\/www.spa-grillon.fr\/wp-content\/uploads\/2018\/12\/Oscar-300x300.jpg 300w, https:\/\/www.spa-grillon.fr\/wp-content\/uploads\/2018\/12\/Oscar-150x150.jpg 150w, https:\/\/www.spa-grillon.fr\/wp-content\/uploads\/2018\/12\/Oscar-768x768.jpg 768w, https:\/\/www.spa-grillon.fr\/wp-content\/uploads\/2018\/12\/Oscar-1024x1024.jpg 1024w, https:\/\/www.spa-grillon.fr\/wp-content\/uploads\/2018\/12\/Oscar.jpg 1824w\" sizes=\"(max-width: 300px) 100vw, 300px\" \/><\/strong><\/p>\n<p>&nbsp;<\/p>\n<p><strong><br \/>\nSexe <\/strong>: m\u00e2le<\/p>\n<p><strong>Race <\/strong>: X Rottweiler<\/p>\n<p><strong>Age <\/strong>: n\u00e9 en 07\/2018<\/p>\n<p><strong>Taille <\/strong>: moyenne<\/p>\n<p>&nbsp;<\/p>\n<p style=\"text-align: justify;\"><strong><br \/>\nCaract\u00e9ristiques : <\/strong>Oscar est un gentil chiot. Il est sage, pas trop excit\u00e9 pour son \u00e2ge, bien que son activit\u00e9 favorite reste la fripouillerie sous toutes ses formes. Il est affectueux, tr\u00e8s joueur, pas trop brusque bien qu&rsquo;il saute encore pour vous saluer. Il s&rsquo;est montr\u00e9 tr\u00e8s docile et calme chez le v\u00e9t\u00e9rinaire, comme dans la voiture. Il se montre ob\u00e9issant mais il faut rester conscient que son \u00e9ducation est \u00e0 faire et qu&rsquo;elle est essentielle, comme pour tout chien, d&rsquo;autant qu&rsquo;il sera sans doute assez puissant. Si sa race peut impressionner, il est seulement crois\u00e9, ainsi il restera beaucoup plus petit qu&rsquo;un Rottweiler et s&rsquo;il forcira, il ne grandira pas beaucoup plus.<\/p>\n<p style=\"text-align: justify;\"><img decoding=\"async\" loading=\"lazy\" class=\"wp-image-6458 aligncenter\" src=\"http:\/\/www.spa-grillon.fr\/wp-content\/uploads\/2018\/12\/Oscar--1024x1024.jpg\" alt=\"Oscar '\" width=\"542\" height=\"542\" srcset=\"https:\/\/www.spa-grillon.fr\/wp-content\/uploads\/2018\/12\/Oscar--1024x1024.jpg 1024w, https:\/\/www.spa-grillon.fr\/wp-content\/uploads\/2018\/12\/Oscar--150x150.jpg 150w, https:\/\/www.spa-grillon.fr\/wp-content\/uploads\/2018\/12\/Oscar--300x300.jpg 300w, https:\/\/www.spa-grillon.fr\/wp-content\/uploads\/2018\/12\/Oscar--768x768.jpg 768w, https:\/\/www.spa-grillon.fr\/wp-content\/uploads\/2018\/12\/Oscar-.jpg 1791w\" sizes=\"(max-width: 542px) 100vw, 542px\" \/><\/p>\n<div id=\"attachment_6453\" style=\"width: 550px\" class=\"wp-caption aligncenter\"><img aria-describedby=\"caption-attachment-6453\" decoding=\"async\" loading=\"lazy\" class=\" wp-image-6453\" src=\"http:\/\/www.spa-grillon.fr\/wp-content\/uploads\/2018\/12\/Okapi-et-Oscar-1024x1024.jpg\" alt=\"Avec sa frangine Okapi au premier plan. On essaie de se donner le genre gros dur ! \" width=\"540\" height=\"540\" srcset=\"https:\/\/www.spa-grillon.fr\/wp-content\/uploads\/2018\/12\/Okapi-et-Oscar-1024x1024.jpg 1024w, https:\/\/www.spa-grillon.fr\/wp-content\/uploads\/2018\/12\/Okapi-et-Oscar-150x150.jpg 150w, https:\/\/www.spa-grillon.fr\/wp-content\/uploads\/2018\/12\/Okapi-et-Oscar-300x300.jpg 300w, https:\/\/www.spa-grillon.fr\/wp-content\/uploads\/2018\/12\/Okapi-et-Oscar-768x768.jpg 768w, https:\/\/www.spa-grillon.fr\/wp-content\/uploads\/2018\/12\/Okapi-et-Oscar.jpg 1593w\" sizes=\"(max-width: 540px) 100vw, 540px\" \/><p id=\"caption-attachment-6453\" class=\"wp-caption-text\">Avec sa frangine Okapi au premier plan. On essaie de se donner le genre gros dur !<\/p><\/div>\n<p style=\"text-align: justify;\">\n","protected":false},"excerpt":{"rendered":"<p>&nbsp; Sexe : m\u00e2le Race : X Rottweiler Age : n\u00e9 en 07\/2018 Taille : moyenne &nbsp; Caract\u00e9ristiques : Oscar est un gentil chiot. Il est sage, pas trop excit\u00e9 pour son \u00e2ge, bien que son activit\u00e9 favorite reste la &hellip; <a href=\"https:\/\/www.spa-grillon.fr\/?page_id=6452\">Continuer la lecture <span class=\"meta-nav\">&rarr;<\/span><\/a><\/p>\n","protected":false},"author":2,"featured_media":0,"parent":0,"menu_order":0,"comment_status":"closed","ping_status":"closed","template":"","meta":[],"_links":{"self":[{"href":"https:\/\/www.spa-grillon.fr\/index.php?rest_route=\/wp\/v2\/pages\/6452"}],"collection":[{"href":"https:\/\/www.spa-grillon.fr\/index.php?rest_route=\/wp\/v2\/pages"}],"about":[{"href":"https:\/\/www.spa-grillon.fr\/index.php?rest_route=\/wp\/v2\/types\/page"}],"author":[{"embeddable":true,"href":"https:\/\/www.spa-grillon.fr\/index.php?rest_route=\/wp\/v2\/users\/2"}],"replies":[{"embeddable":true,"href":"https:\/\/www.spa-grillon.fr\/index.php?rest_route=%2Fwp%2Fv2%2Fcomments&post=6452"}],"version-history":[{"count":3,"href":"https:\/\/www.spa-grillon.fr\/index.php?rest_route=\/wp\/v2\/pages\/6452\/revisions"}],"predecessor-version":[{"id":6462,"href":"https:\/\/www.spa-grillon.fr\/index.php?rest_route=\/wp\/v2\/pages\/6452\/revisions\/6462"}],"wp:attachment":[{"href":"https:\/\/www.spa-grillon.fr\/index.php?rest_route=%2Fwp%2Fv2%2Fmedia&parent=6452"}],"curies":[{"name":"wp","href":"https:\/\/api.w.org\/{rel}","templated":true}]}}