{"id":6554,"date":"2019-01-23T21:49:53","date_gmt":"2019-01-23T20:49:53","guid":{"rendered":"http:\/\/www.spa-grillon.fr\/?page_id=6554"},"modified":"2020-01-26T17:17:12","modified_gmt":"2020-01-26T16:17:12","slug":"avant-dadopter","status":"publish","type":"page","link":"https:\/\/www.spa-grillon.fr\/?page_id=6554","title":{"rendered":"Avant d&rsquo;adopter&#8230;"},"content":{"rendered":"<p style=\"text-align: justify;\">R\u00e9flexion, conscience, engagement sont les ma\u00eetres mots d\u2019une adoption r\u00e9ussie. Il s\u2019agit d\u2019une d\u00e9cision qui doit \u00eatre m\u00fbrement r\u00e9fl\u00e9chie et qui ne doit en aucun cas \u00eatre prise \u00e0 la l\u00e9g\u00e8re ou sur un coup de t\u00eate. A la SPA, nous savons que rien n\u2019est plus vou\u00e9 \u00e0 l\u2019\u00e9chec que les \u00ab\u00a0adoptions cadeau\u00a0\u00bb (\u00ab\u00a0Je ne sais pas quoi offrir pour No\u00ebl\u00a0; pourquoi pas un chien\u00a0?\u00a0\u00bb) ou les \u00ab\u00a0adoptions surprise\u00a0\u00bb (\u00ab\u00a0Mamie est toute seule maintenant, elle a besoin d\u2019une compagnie\u00a0: on va lui prendre un matou\u00a0!\u00a0\u00bb). Ces cas, h\u00e9las fr\u00e9quents, d\u00e9bouchent le plus souvent sur de nouveaux abandons et sur un surcro\u00eet de souffrance pour des animaux qui en ont d\u00e9j\u00e0 eu leur lot. Un animal n\u2019est pas un objet qu\u2019on peut rapporter au magasin si l\u2019on n\u2019en est pas satisfait\u00a0: c\u2019est un \u00eatre vivant et sensible. Prenez le temps de lire les quelques pr\u00e9cautions \u00e0 prendre avant de vous lancer.<!--more--><\/p>\n<p style=\"text-align: justify;\">Attention \u00e0 ne pas venir au refuge avec trop d\u2019id\u00e9es pr\u00e9con\u00e7ues\u00a0: une race n\u2019est pas la\u00a0 garantie d\u2019une adoption r\u00e9ussie\u00a0: un bon vieux corniaud est aussi \u00ab\u00a0adoptable\u00a0\u00bb qu\u2019un labrador avec pedigree et, surtout, m\u00e9rite tout autant sa chance. Venez donc au refuge, \u00e9coutez les conseils des membres du refuge qui vous pr\u00e9sentent les chiens\u00a0: ce sont eux qui les connaissent le mieux.<\/p>\n<p style=\"text-align: justify;\">Soyez clairs sur vos attentes et vos interdits\u00a0: vous n\u2019\u00eates pas un sportif confirm\u00e9\u00a0? alors M\u00e9dor, qui est certes tr\u00e8s beau mais qui a besoin de deux heures de balade intensive par jour, n\u2019est pas fait pour vous. Parmi tous nos pensionnaires, vieux, jeunes, sportifs, pantouflards, joueurs, calmes, XS ou XXL, chiens \u00e0 pedigree ou cl\u00e9bards du coin de la rue, vous trouverez forc\u00e9ment votre moiti\u00e9 canine\u00a0!<\/p>\n<p style=\"text-align: justify;\">Il est bon de venir plusieurs fois au refuge avant d\u2019adopter, pour sortir le chanceux sur qui vous avez jet\u00e9 votre d\u00e9volu. Promenez-le, asseyez-vous dans l\u2019herbe avec lui de fa\u00e7on \u00e0 le rencontrer dans des circonstances diverses. <strong>Ne jugez pas un chien \u00e0 ce qu\u2019il vous montre dans son box :<\/strong> il est \u00e0 ce moment-l\u00e0 surexcit\u00e9 par cette pr\u00e9sence \u00e9trang\u00e8re, d\u00e9cha\u00een\u00e9 \u00e0 l\u2019id\u00e9e d\u2019aller en promenade\u00a0: un chien qui aura l\u2019air d\u2019\u00eatre un v\u00e9ritable fou furieux pourra se r\u00e9v\u00e9ler tout \u00e0 fait calme et fr\u00e9quentable une fois \u00e0 l\u2019ext\u00e9rieur.<\/p>\n<p style=\"text-align: justify;\">L\u2019\u00e9motion intense qu\u2019engendre l\u2019adoption d\u2019un animal est ind\u00e9niable, mais le bonheur du moment ne doit pas cacher les responsabilit\u00e9s qu\u2019entra\u00eene cet acte\u00a0: c\u2019est, en effet, un choix qui vous engage pour une quinzaine d\u2019ann\u00e9es, qui exigera beaucoup de vous et de votre famille. Il est donc essentiel de vous demander avant d\u2019adopter si vous \u00eates pr\u00eat \u00e0 lui consacrer\u00a0:<\/p>\n<p style=\"text-align: justify;\"><strong>&#8211; Du temps <\/strong>: les promenades par tous les temps (hors de question de le priver de sa pause pipi m\u00eame s\u2019il tombe des cordes), les c\u00e2lins, la pr\u00e9paration des repas, l\u2019attention \u00e0 sa sant\u00e9, \u00e0 son \u00e9ducation\u2026<\/p>\n<p style=\"text-align: justify;\"><strong>&#8211; Des conditions mat\u00e9rielles parfois contraignantes <\/strong>: un jardin, une cl\u00f4ture, des vacances boulevers\u00e9es (les pensions repr\u00e9sentent un investissement financier important mais surtout sont parfois une v\u00e9ritable \u00e9preuve pour ces animaux qui connaissent souvent l\u2019angoisse de l\u2019abandon), des absences r\u00e9duites dans la journ\u00e9e, des poils partout, des papattes sales sur la moquette du salon\u2026<\/p>\n<p style=\"text-align: justify;\"><strong>&#8211; De l\u2019argent\u00a0:<\/strong> l\u2019\u00e9quipement de base (collier, laisse, gamelles, jouets, niche\u2026) la nourriture, les frais v\u00e9t\u00e9rinaires s\u2019il est malade ou quand il se fera vieux.<\/p>\n<p style=\"text-align: justify;\"><strong>&#8211; De l\u2019affection :<\/strong> il vous demandera de l\u2019attention, des caresses, il vous causera du chagrin quand il sera malade ou quand il s\u2019en ira et vous devrez \u00eatre aupr\u00e8s de lui.<\/p>\n<p style=\"text-align: justify;\">Si le chat repr\u00e9sente un investissement moindre, il ne faut pas pour autant oublier que, malgr\u00e9 sa\u00a0 r\u00e9putation d\u2019animal ind\u00e9pendant, il n\u2019aime pas la solitude permanente pour autant, loin de l\u00e0, surtout s\u2019il n\u2019a pas d\u2019acc\u00e8s \u00e0 l\u2019ext\u00e9rieur, qu\u2019il faudra nettoyer sa liti\u00e8re, le soigner\u2026<\/p>\n<p style=\"text-align: justify;\">Reportez-vous \u00e0 la partie conseils pour prendre connaissance de ce qu\u2019exige l\u2019adoption d\u2019un chien ou d\u2019un chat\u00a0: vous verrez alors si vous \u00eates r\u00e9ellement pr\u00eats \u00e0 endosser le r\u00f4le gratifiant mais contraignant de ma\u00eetre. Si vous \u00eates \u00e9pouvant\u00e9s par l\u2019engagement que cela repr\u00e9sente, mieux vaut alors renoncer et \u00e9pargner \u00e0 un animal d\u00e9j\u00e0 \u00e9prouv\u00e9, ainsi qu\u2019\u00e0 vous, une relation d\u00e9s\u00e9quilibr\u00e9e, immanquablement source de contrari\u00e9t\u00e9.<\/p>\n<p style=\"text-align: justify;\">Mais si vous tenez tout de m\u00eame \u00e0 venir en aide un animal, d\u2019autres solutions s\u2019offrent \u00e0 vous : <strong><a title=\"NOUS AIDER\" href=\"http:\/\/www.spa-grillon.fr\/?page_id=104\">nous aider<\/a><\/strong><\/p>\n","protected":false},"excerpt":{"rendered":"<p>R\u00e9flexion, conscience, engagement sont les ma\u00eetres mots d\u2019une adoption r\u00e9ussie. Il s\u2019agit d\u2019une d\u00e9cision qui doit \u00eatre m\u00fbrement r\u00e9fl\u00e9chie et qui ne doit en aucun cas \u00eatre prise \u00e0 la l\u00e9g\u00e8re ou sur un coup de t\u00eate. A la SPA, &hellip; <a href=\"https:\/\/www.spa-grillon.fr\/?page_id=6554\">Continuer la lecture <span class=\"meta-nav\">&rarr;<\/span><\/a><\/p>\n","protected":false},"author":2,"featured_media":0,"parent":0,"menu_order":0,"comment_status":"closed","ping_status":"closed","template":"","meta":[],"_links":{"self":[{"href":"https:\/\/www.spa-grillon.fr\/index.php?rest_route=\/wp\/v2\/pages\/6554"}],"collection":[{"href":"https:\/\/www.spa-grillon.fr\/index.php?rest_route=\/wp\/v2\/pages"}],"about":[{"href":"https:\/\/www.spa-grillon.fr\/index.php?rest_route=\/wp\/v2\/types\/page"}],"author":[{"embeddable":true,"href":"https:\/\/www.spa-grillon.fr\/index.php?rest_route=\/wp\/v2\/users\/2"}],"replies":[{"embeddable":true,"href":"https:\/\/www.spa-grillon.fr\/index.php?rest_route=%2Fwp%2Fv2%2Fcomments&post=6554"}],"version-history":[{"count":3,"href":"https:\/\/www.spa-grillon.fr\/index.php?rest_route=\/wp\/v2\/pages\/6554\/revisions"}],"predecessor-version":[{"id":8448,"href":"https:\/\/www.spa-grillon.fr\/index.php?rest_route=\/wp\/v2\/pages\/6554\/revisions\/8448"}],"wp:attachment":[{"href":"https:\/\/www.spa-grillon.fr\/index.php?rest_route=%2Fwp%2Fv2%2Fmedia&parent=6554"}],"curies":[{"name":"wp","href":"https:\/\/api.w.org\/{rel}","templated":true}]}}