{"id":6564,"date":"2019-01-24T13:21:14","date_gmt":"2019-01-24T12:21:14","guid":{"rendered":"http:\/\/www.spa-grillon.fr\/?page_id=6564"},"modified":"2026-05-14T17:18:37","modified_gmt":"2026-05-14T16:18:37","slug":"tarifs","status":"publish","type":"page","link":"https:\/\/www.spa-grillon.fr\/?page_id=6564","title":{"rendered":"TARIFS"},"content":{"rendered":"<p style=\"text-align: center;\">Pour toute adoption, une pi\u00e8ce d&rsquo;identit\u00e9 en cours de validit\u00e9 et un justificatif de domicile vous seront demand\u00e9s.<\/p>\n<p><strong><span style=\"text-decoration: underline;\"><span style=\"color: #3366ff; text-decoration: underline;\">LES CHIENS<\/span><\/span><\/strong><\/p>\n<p style=\"padding-left: 40px;\"><strong><u><img decoding=\"async\" loading=\"lazy\" class=\"alignleft wp-image-6535\" src=\"http:\/\/www.spa-grillon.fr\/wp-content\/uploads\/2011\/03\/c-e1548270339246-150x150.jpg\" alt=\"c\" width=\"15\" height=\"15\" \/><\/u><span style=\"text-decoration: underline;\">de 2 mois 1\/2 \u00e0 1 an<\/span><\/strong> : 350\u20ac (st\u00e9rilisation \u00e0 venir comprise)<\/p>\n<p style=\"padding-left: 40px;\"><strong><u><img decoding=\"async\" loading=\"lazy\" class=\"alignleft wp-image-6535\" src=\"http:\/\/www.spa-grillon.fr\/wp-content\/uploads\/2011\/03\/c-e1548270339246-150x150.jpg\" alt=\"c\" width=\"15\" height=\"15\" \/>de 1 \u00e0 3 ans<\/u><\/strong><\/p>\n<p style=\"padding-left: 80px;\">M\u00e2le : 250\u20ac<br \/>\nFemelle : 300\u20ac<\/p>\n<p style=\"padding-left: 40px;\"><strong><u><img decoding=\"async\" loading=\"lazy\" class=\"alignleft wp-image-6535\" src=\"http:\/\/www.spa-grillon.fr\/wp-content\/uploads\/2011\/03\/c-e1548270339246-150x150.jpg\" alt=\"c\" width=\"15\" height=\"15\" \/>de 4 \u00e0 7 ans<\/u><\/strong><\/p>\n<p style=\"padding-left: 80px;\"><u><\/u>M\u00e2le :\u00a0 200\u20ac<br \/>\nFemelle : 250\u20ac<\/p>\n<p style=\"padding-left: 40px;\"><strong><u><img decoding=\"async\" loading=\"lazy\" class=\"alignleft wp-image-6535\" src=\"http:\/\/www.spa-grillon.fr\/wp-content\/uploads\/2011\/03\/c-e1548270339246-150x150.jpg\" alt=\"c\" width=\"15\" height=\"15\" \/> de 8 \u00e0 10 ans <\/u><\/strong>: 100\u20ac<strong><u><br \/>\n<\/u><\/strong><\/p>\n<p style=\"text-align: justify; padding-left: 40px;\"><span style=\"text-decoration: underline;\"><strong><u><img decoding=\"async\" loading=\"lazy\" class=\"alignleft wp-image-6535\" src=\"http:\/\/www.spa-grillon.fr\/wp-content\/uploads\/2011\/03\/c-e1548270339246-150x150.jpg\" alt=\"c\" width=\"15\" height=\"15\" \/><\/u><\/strong><strong><u>Au del\u00e0 de 10 ans<\/u><\/strong> : don libre<\/span>.<\/p>\n<p><span style=\"text-decoration: underline;\"><strong><span style=\"color: #3366ff; text-decoration: underline;\">LES CHATS<\/span><\/strong><\/span><\/p>\n<p style=\"padding-left: 40px;\"><span style=\"text-decoration: underline;\"><strong><span style=\"color: #3366ff; text-decoration: underline;\"><img decoding=\"async\" loading=\"lazy\" class=\"alignleft wp-image-6536 \" src=\"http:\/\/www.spa-grillon.fr\/wp-content\/uploads\/2011\/03\/896867-chat-patte-de-chat-trace-empreinte-pochoir-en-vinyle-adhesif-ref-224-1-2-e1548270629420-150x150.jpg\" alt=\"896867-chat-patte-de-chat-trace-empreinte-pochoir-en-vinyle-adhesif-ref-224-1-2\" width=\"13\" height=\"13\" srcset=\"https:\/\/www.spa-grillon.fr\/wp-content\/uploads\/2011\/03\/896867-chat-patte-de-chat-trace-empreinte-pochoir-en-vinyle-adhesif-ref-224-1-2-e1548270629420-150x150.jpg 150w, https:\/\/www.spa-grillon.fr\/wp-content\/uploads\/2011\/03\/896867-chat-patte-de-chat-trace-empreinte-pochoir-en-vinyle-adhesif-ref-224-1-2-e1548270629420-297x300.jpg 297w, https:\/\/www.spa-grillon.fr\/wp-content\/uploads\/2011\/03\/896867-chat-patte-de-chat-trace-empreinte-pochoir-en-vinyle-adhesif-ref-224-1-2-e1548270629420.jpg 596w\" sizes=\"(max-width: 13px) 100vw, 13px\" \/><\/span><\/strong><\/span><span style=\"text-decoration: underline;\"><strong>de\u00a0 2 \u00e0 6 mois<\/strong> <\/span>: 150 \u20ac (st\u00e9rilisation \u00e0 venir comprise)<\/p>\n<p style=\"padding-left: 40px;\"><span style=\"text-decoration: underline;\"><strong><img decoding=\"async\" loading=\"lazy\" class=\"alignleft wp-image-6536 \" src=\"http:\/\/www.spa-grillon.fr\/wp-content\/uploads\/2011\/03\/896867-chat-patte-de-chat-trace-empreinte-pochoir-en-vinyle-adhesif-ref-224-1-2-e1548270629420-150x150.jpg\" alt=\"896867-chat-patte-de-chat-trace-empreinte-pochoir-en-vinyle-adhesif-ref-224-1-2\" width=\"13\" height=\"13\" srcset=\"https:\/\/www.spa-grillon.fr\/wp-content\/uploads\/2011\/03\/896867-chat-patte-de-chat-trace-empreinte-pochoir-en-vinyle-adhesif-ref-224-1-2-e1548270629420-150x150.jpg 150w, https:\/\/www.spa-grillon.fr\/wp-content\/uploads\/2011\/03\/896867-chat-patte-de-chat-trace-empreinte-pochoir-en-vinyle-adhesif-ref-224-1-2-e1548270629420-297x300.jpg 297w, https:\/\/www.spa-grillon.fr\/wp-content\/uploads\/2011\/03\/896867-chat-patte-de-chat-trace-empreinte-pochoir-en-vinyle-adhesif-ref-224-1-2-e1548270629420.jpg 596w\" sizes=\"(max-width: 13px) 100vw, 13px\" \/><\/strong><\/span><strong><span style=\"text-decoration: underline;\">de\u00a0 7 mois \u00e0 1 an<\/span><\/strong><\/p>\n<p style=\"padding-left: 80px;\">M\u00e2le : 90 \u20ac<br \/>\nFemelle\u00a0 : 120 \u20ac<\/p>\n<p style=\"padding-left: 40px;\"><span style=\"text-decoration: underline;\"><strong><span style=\"color: #3366ff; text-decoration: underline;\"><img decoding=\"async\" loading=\"lazy\" class=\"alignleft wp-image-6536 \" src=\"http:\/\/www.spa-grillon.fr\/wp-content\/uploads\/2011\/03\/896867-chat-patte-de-chat-trace-empreinte-pochoir-en-vinyle-adhesif-ref-224-1-2-e1548270629420-150x150.jpg\" alt=\"896867-chat-patte-de-chat-trace-empreinte-pochoir-en-vinyle-adhesif-ref-224-1-2\" width=\"13\" height=\"13\" srcset=\"https:\/\/www.spa-grillon.fr\/wp-content\/uploads\/2011\/03\/896867-chat-patte-de-chat-trace-empreinte-pochoir-en-vinyle-adhesif-ref-224-1-2-e1548270629420-150x150.jpg 150w, https:\/\/www.spa-grillon.fr\/wp-content\/uploads\/2011\/03\/896867-chat-patte-de-chat-trace-empreinte-pochoir-en-vinyle-adhesif-ref-224-1-2-e1548270629420-297x300.jpg 297w, https:\/\/www.spa-grillon.fr\/wp-content\/uploads\/2011\/03\/896867-chat-patte-de-chat-trace-empreinte-pochoir-en-vinyle-adhesif-ref-224-1-2-e1548270629420.jpg 596w\" sizes=\"(max-width: 13px) 100vw, 13px\" \/><\/span><\/strong><strong>De 1 \u00e0 3 ans :<\/strong><\/span><\/p>\n<p style=\"padding-left: 80px;\">M\u00e2le<strong> :\u00a0<\/strong> 60 \u20ac<br \/>\nFemelle : 80 \u20ac<\/p>\n<p style=\"padding-left: 40px;\"><span style=\"text-decoration: underline;\"><strong><span style=\"color: #3366ff; text-decoration: underline;\"><img decoding=\"async\" loading=\"lazy\" class=\"alignleft wp-image-6536 \" src=\"http:\/\/www.spa-grillon.fr\/wp-content\/uploads\/2011\/03\/896867-chat-patte-de-chat-trace-empreinte-pochoir-en-vinyle-adhesif-ref-224-1-2-e1548270629420-150x150.jpg\" alt=\"896867-chat-patte-de-chat-trace-empreinte-pochoir-en-vinyle-adhesif-ref-224-1-2\" width=\"13\" height=\"13\" srcset=\"https:\/\/www.spa-grillon.fr\/wp-content\/uploads\/2011\/03\/896867-chat-patte-de-chat-trace-empreinte-pochoir-en-vinyle-adhesif-ref-224-1-2-e1548270629420-150x150.jpg 150w, https:\/\/www.spa-grillon.fr\/wp-content\/uploads\/2011\/03\/896867-chat-patte-de-chat-trace-empreinte-pochoir-en-vinyle-adhesif-ref-224-1-2-e1548270629420-297x300.jpg 297w, https:\/\/www.spa-grillon.fr\/wp-content\/uploads\/2011\/03\/896867-chat-patte-de-chat-trace-empreinte-pochoir-en-vinyle-adhesif-ref-224-1-2-e1548270629420.jpg 596w\" sizes=\"(max-width: 13px) 100vw, 13px\" \/><\/span><\/strong><strong>au del\u00e0 de 3 ans<\/strong><\/span>\u00a0 : don libre<\/p>\n<p style=\"text-align: center;\"><span style=\"color: #ff0000;\">Nos petits papys et petites mamies, chiens ou chats, \u00e0 partir de 10 ans, b\u00e9n\u00e9ficient de l&rsquo;op\u00e9ration DOYENS 30 millions d&rsquo;amis qui permet de prendre en charge les frais v\u00e9t\u00e9rinaires \u00e0 hauteur de 800 euros.<\/span><\/p>\n<p style=\"text-align: center;\"><span style=\"text-decoration: underline;\"><strong>Nos animaux ne sont pas \u00ab\u00a0vendus\u00a0\u00bb. Ces tarifs correspondent aux frais v\u00e9t\u00e9rinaires, en particulier :<\/strong><\/span><\/p>\n<p>&#8211; la st\u00e9rilisation (effective ou sous forme de bon)<br \/>\n&#8211; le test FIV FeLV pour les chats<br \/>\n&#8211; la vaccination<br \/>\n&#8211; l&rsquo;identification obligatoire par puce \u00e9lectronique ou par tatouage<br \/>\n&#8211; le d\u00e9parasitage interne et externe<br \/>\n&#8211; une visite m\u00e9dicale de sortie et un certificat de bonne sant\u00e9 \u00e9tabli par le v\u00e9t\u00e9rinaire<\/p>\n","protected":false},"excerpt":{"rendered":"<p>Pour toute adoption, une pi\u00e8ce d&rsquo;identit\u00e9 en cours de validit\u00e9 et un justificatif de domicile vous seront demand\u00e9s. LES CHIENS de 2 mois 1\/2 \u00e0 1 an : 350\u20ac (st\u00e9rilisation \u00e0 venir comprise) de 1 \u00e0 3 ans M\u00e2le : &hellip; <a href=\"https:\/\/www.spa-grillon.fr\/?page_id=6564\">Continuer la lecture <span class=\"meta-nav\">&rarr;<\/span><\/a><\/p>\n","protected":false},"author":2,"featured_media":0,"parent":0,"menu_order":0,"comment_status":"closed","ping_status":"closed","template":"","meta":[],"_links":{"self":[{"href":"https:\/\/www.spa-grillon.fr\/index.php?rest_route=\/wp\/v2\/pages\/6564"}],"collection":[{"href":"https:\/\/www.spa-grillon.fr\/index.php?rest_route=\/wp\/v2\/pages"}],"about":[{"href":"https:\/\/www.spa-grillon.fr\/index.php?rest_route=\/wp\/v2\/types\/page"}],"author":[{"embeddable":true,"href":"https:\/\/www.spa-grillon.fr\/index.php?rest_route=\/wp\/v2\/users\/2"}],"replies":[{"embeddable":true,"href":"https:\/\/www.spa-grillon.fr\/index.php?rest_route=%2Fwp%2Fv2%2Fcomments&post=6564"}],"version-history":[{"count":19,"href":"https:\/\/www.spa-grillon.fr\/index.php?rest_route=\/wp\/v2\/pages\/6564\/revisions"}],"predecessor-version":[{"id":18671,"href":"https:\/\/www.spa-grillon.fr\/index.php?rest_route=\/wp\/v2\/pages\/6564\/revisions\/18671"}],"wp:attachment":[{"href":"https:\/\/www.spa-grillon.fr\/index.php?rest_route=%2Fwp%2Fv2%2Fmedia&parent=6564"}],"curies":[{"name":"wp","href":"https:\/\/api.w.org\/{rel}","templated":true}]}}