{"id":6644,"date":"2019-02-02T19:53:14","date_gmt":"2019-02-02T18:53:14","guid":{"rendered":"http:\/\/www.spa-grillon.fr\/?page_id=6644"},"modified":"2022-01-13T06:29:25","modified_gmt":"2022-01-13T05:29:25","slug":"bouba","status":"publish","type":"page","link":"https:\/\/www.spa-grillon.fr\/?page_id=6644","title":{"rendered":"BOUBA"},"content":{"rendered":"<p><img decoding=\"async\" loading=\"lazy\" class=\"alignleft wp-image-6645 size-medium\" src=\"http:\/\/www.spa-grillon.fr\/wp-content\/uploads\/2019\/02\/Bouba-e1549133565567-300x300.jpg\" alt=\"Bouba'\" width=\"300\" height=\"300\" srcset=\"https:\/\/www.spa-grillon.fr\/wp-content\/uploads\/2019\/02\/Bouba-e1549133565567-300x300.jpg 300w, https:\/\/www.spa-grillon.fr\/wp-content\/uploads\/2019\/02\/Bouba-e1549133565567-150x150.jpg 150w, https:\/\/www.spa-grillon.fr\/wp-content\/uploads\/2019\/02\/Bouba-e1549133565567-768x768.jpg 768w, https:\/\/www.spa-grillon.fr\/wp-content\/uploads\/2019\/02\/Bouba-e1549133565567.jpg 781w\" sizes=\"(max-width: 300px) 100vw, 300px\" \/><\/p>\n<p>&nbsp;<\/p>\n<p><strong>Sexe <\/strong>: m\u00e2le<\/p>\n<p><strong>Race <\/strong>: Jagd terrier<\/p>\n<p><strong>Age <\/strong>: n\u00e9 en 11\/2010<\/p>\n<p><strong>Taille <\/strong>: moyenne<\/p>\n<p>&nbsp;<\/p>\n<p style=\"text-align: justify;\"><strong><br \/>\nCaract\u00e9ristiques : <\/strong>Le ma\u00eetre de Bouba est d\u00e9c\u00e9d\u00e9 en 2019 et sa ma\u00eetresse ne pouvait plus s&rsquo;en occuper. Il s&rsquo;est donc retrouv\u00e9 au refuge. Petit chien vif au caract\u00e8re bien affirm\u00e9, c&rsquo;est une personnalit\u00e9 tr\u00e8s attachante. Le pauvre Bouba a \u00e9t\u00e9 adopt\u00e9 quelque temps apr\u00e8s son arriv\u00e9e par un couple qui vivait dans le m\u00eame village que ses anciens ma\u00eetres : Bouba n&rsquo;avait de cesse de se sauver pour retourner \u00e0 son ancienne maison et ils ont \u00e9t\u00e9 contraints de le ramener. Une adoption en dehors de Taulignan est donc imp\u00e9rative car les chiens, plus que les humains, ont la m\u00e9moire longue. Son deuxi\u00e8me abandon, est proprement inexplicable.<br \/>\nBouba ne tire pas en laisse et balade assez tranquillement. Affectueux, communicatif et dr\u00f4le, il appr\u00e9cierait une famille nombreuse ou non, avec ou sans enfants. Les chiennes sont les bienvenues ; les autres m\u00e2les seront \u00e0 tester si une cohabitation s&rsquo;annonce mais il partage sans coup f\u00e9rir le parc de deux copains avec qui tout se passe \u00e0 merveille. Les matous en revanche seront rigoureusement interdits : ses intentions sont tr\u00e8s claires et pas du tout aimables !<\/p>\n<p style=\"text-align: justify;\">Bouba a v\u00e9cu de douloureux moments : un d\u00e9c\u00e8s, deux abandons dont il n&rsquo;est en rien responsable : il lui faut une famille, stable, d\u00e9finitive cette fois, qui pourra lui offrir un abri et l&rsquo;amour qu&rsquo;il r\u00e9clame si fort. Il a encore de belles ann\u00e9es devant lui et il n&rsquo;a pas de d\u00e9fauts. Il peut \u00eatre adopt\u00e9 avec le plan doyen : ses frais v\u00e9t\u00e9rinaires seront alors pris en charge \u00e0 hauteur de 600 euros par 30 Millions d&rsquo;Amis. Alors n&rsquo;h\u00e9sitez pas !<\/p>\n<p style=\"text-align: justify;\"><img decoding=\"async\" loading=\"lazy\" class=\"wp-image-6645 aligncenter\" src=\"http:\/\/www.spa-grillon.fr\/wp-content\/uploads\/2019\/02\/Bouba-1024x1024.jpg\" alt=\"Bouba'\" width=\"540\" height=\"540\" \/><\/p>\n<p style=\"text-align: justify;\"><img decoding=\"async\" loading=\"lazy\" class=\"wp-image-6646 aligncenter\" src=\"http:\/\/www.spa-grillon.fr\/wp-content\/uploads\/2019\/02\/Bouba-1-1024x1024.jpg\" alt=\"Bouba\" width=\"531\" height=\"531\" srcset=\"https:\/\/www.spa-grillon.fr\/wp-content\/uploads\/2019\/02\/Bouba-1-1024x1024.jpg 1024w, https:\/\/www.spa-grillon.fr\/wp-content\/uploads\/2019\/02\/Bouba-1-150x150.jpg 150w, https:\/\/www.spa-grillon.fr\/wp-content\/uploads\/2019\/02\/Bouba-1-300x300.jpg 300w, https:\/\/www.spa-grillon.fr\/wp-content\/uploads\/2019\/02\/Bouba-1-768x768.jpg 768w, https:\/\/www.spa-grillon.fr\/wp-content\/uploads\/2019\/02\/Bouba-1.jpg 1656w\" sizes=\"(max-width: 531px) 100vw, 531px\" \/><\/p>\n","protected":false},"excerpt":{"rendered":"<p>&nbsp; Sexe : m\u00e2le Race : Jagd terrier Age : n\u00e9 en 11\/2010 Taille : moyenne &nbsp; Caract\u00e9ristiques : Le ma\u00eetre de Bouba est d\u00e9c\u00e9d\u00e9 en 2019 et sa ma\u00eetresse ne pouvait plus s&rsquo;en occuper. Il s&rsquo;est donc retrouv\u00e9 au &hellip; <a href=\"https:\/\/www.spa-grillon.fr\/?page_id=6644\">Continuer la lecture <span class=\"meta-nav\">&rarr;<\/span><\/a><\/p>\n","protected":false},"author":2,"featured_media":0,"parent":0,"menu_order":0,"comment_status":"closed","ping_status":"closed","template":"","meta":[],"_links":{"self":[{"href":"https:\/\/www.spa-grillon.fr\/index.php?rest_route=\/wp\/v2\/pages\/6644"}],"collection":[{"href":"https:\/\/www.spa-grillon.fr\/index.php?rest_route=\/wp\/v2\/pages"}],"about":[{"href":"https:\/\/www.spa-grillon.fr\/index.php?rest_route=\/wp\/v2\/types\/page"}],"author":[{"embeddable":true,"href":"https:\/\/www.spa-grillon.fr\/index.php?rest_route=\/wp\/v2\/users\/2"}],"replies":[{"embeddable":true,"href":"https:\/\/www.spa-grillon.fr\/index.php?rest_route=%2Fwp%2Fv2%2Fcomments&post=6644"}],"version-history":[{"count":7,"href":"https:\/\/www.spa-grillon.fr\/index.php?rest_route=\/wp\/v2\/pages\/6644\/revisions"}],"predecessor-version":[{"id":11579,"href":"https:\/\/www.spa-grillon.fr\/index.php?rest_route=\/wp\/v2\/pages\/6644\/revisions\/11579"}],"wp:attachment":[{"href":"https:\/\/www.spa-grillon.fr\/index.php?rest_route=%2Fwp%2Fv2%2Fmedia&parent=6644"}],"curies":[{"name":"wp","href":"https:\/\/api.w.org\/{rel}","templated":true}]}}