{"id":9003,"date":"2020-06-11T14:29:43","date_gmt":"2020-06-11T13:29:43","guid":{"rendered":"http:\/\/www.spa-grillon.fr\/?page_id=9003"},"modified":"2020-06-11T15:38:57","modified_gmt":"2020-06-11T14:38:57","slug":"penelope","status":"publish","type":"page","link":"https:\/\/www.spa-grillon.fr\/?page_id=9003","title":{"rendered":"PENELOPE"},"content":{"rendered":"<p style=\"text-align: justify;\"><img decoding=\"async\" loading=\"lazy\" class=\"alignleft wp-image-9006\" src=\"http:\/\/www.spa-grillon.fr\/wp-content\/uploads\/2020\/06\/IMG_20200531_172600-276x300.jpg\" alt=\"\" width=\"289\" height=\"314\" srcset=\"https:\/\/www.spa-grillon.fr\/wp-content\/uploads\/2020\/06\/IMG_20200531_172600-276x300.jpg 276w, https:\/\/www.spa-grillon.fr\/wp-content\/uploads\/2020\/06\/IMG_20200531_172600-768x834.jpg 768w, https:\/\/www.spa-grillon.fr\/wp-content\/uploads\/2020\/06\/IMG_20200531_172600-944x1024.jpg 944w\" sizes=\"(max-width: 289px) 100vw, 289px\" \/>Voici une minette adorable d&rsquo;un an environ et pourtant d\u00e9j\u00e0 bien maltrait\u00e9e par la vie. Elle a \u00e9t\u00e9 r\u00e9cup\u00e9r\u00e9e par la police municipale apr\u00e8s avoir \u00e9t\u00e9 jet\u00e9e d&rsquo;une voiture sur un parking. Elle venait visiblement d&rsquo;avoir des petits dont nous ne connaitrons jamais le sort. Maintenant que ses mont\u00e9es de lait sont jugul\u00e9es, elle sera st\u00e9rilis\u00e9e d&rsquo;ici mi-juin. C&rsquo;est une petite b\u00eate tr\u00e8s c\u00e2line, tr\u00e8s affectueuse. A \u00e0 peu pr\u00e8s un an, elle ferait le bonheur d&rsquo;une personne seule qui cherche une compagnie tr\u00e8s pr\u00e9sente. Elle est bavarde et gourmande. Pour l&rsquo;instant, elle ne tol\u00e8re pas les autres chats : est-ce en raison de tous les changements qu&rsquo;elle a v\u00e9cus ou est-ce dans son caract\u00e8re d&rsquo;\u00eatre exclusive, c&rsquo;est difficile \u00e0 dire. Mais pour l&rsquo;heure, il serait mieux qu&rsquo;elle soit le seul animal du foyer. Elle pourrait sans doute \u00eatre une bonne candidate pour un premier chat. Attention, comme toujours quand on change un chat d&rsquo;environnement, il faudra pr\u00e9voir plusieurs jours voire plusieurs semaines sans sortir, le temps de refaire ses rep\u00e8res. C&rsquo;est la condition pour une adoption r\u00e9ussie.<\/p>\n<div style=\"width: 640px;\" class=\"wp-video\"><!--[if lt IE 9]><script>document.createElement('video');<\/script><![endif]-->\n<video class=\"wp-video-shortcode\" id=\"video-9003-1\" width=\"640\" height=\"360\" preload=\"metadata\" controls=\"controls\"><source type=\"video\/mp4\" src=\"http:\/\/www.spa-grillon.fr\/wp-content\/uploads\/2020\/06\/VID_20200531_095512.mp4?_=1\" \/><a href=\"http:\/\/www.spa-grillon.fr\/wp-content\/uploads\/2020\/06\/VID_20200531_095512.mp4\">http:\/\/www.spa-grillon.fr\/wp-content\/uploads\/2020\/06\/VID_20200531_095512.mp4<\/a><\/video><\/div>\n<p style=\"text-align: justify;\">\n","protected":false},"excerpt":{"rendered":"<p>Voici une minette adorable d&rsquo;un an environ et pourtant d\u00e9j\u00e0 bien maltrait\u00e9e par la vie. Elle a \u00e9t\u00e9 r\u00e9cup\u00e9r\u00e9e par la police municipale apr\u00e8s avoir \u00e9t\u00e9 jet\u00e9e d&rsquo;une voiture sur un parking. Elle venait visiblement d&rsquo;avoir des petits dont nous &hellip; <a href=\"https:\/\/www.spa-grillon.fr\/?page_id=9003\">Continuer la lecture <span class=\"meta-nav\">&rarr;<\/span><\/a><\/p>\n","protected":false},"author":2,"featured_media":0,"parent":0,"menu_order":0,"comment_status":"closed","ping_status":"closed","template":"","meta":[],"_links":{"self":[{"href":"https:\/\/www.spa-grillon.fr\/index.php?rest_route=\/wp\/v2\/pages\/9003"}],"collection":[{"href":"https:\/\/www.spa-grillon.fr\/index.php?rest_route=\/wp\/v2\/pages"}],"about":[{"href":"https:\/\/www.spa-grillon.fr\/index.php?rest_route=\/wp\/v2\/types\/page"}],"author":[{"embeddable":true,"href":"https:\/\/www.spa-grillon.fr\/index.php?rest_route=\/wp\/v2\/users\/2"}],"replies":[{"embeddable":true,"href":"https:\/\/www.spa-grillon.fr\/index.php?rest_route=%2Fwp%2Fv2%2Fcomments&post=9003"}],"version-history":[{"count":3,"href":"https:\/\/www.spa-grillon.fr\/index.php?rest_route=\/wp\/v2\/pages\/9003\/revisions"}],"predecessor-version":[{"id":9028,"href":"https:\/\/www.spa-grillon.fr\/index.php?rest_route=\/wp\/v2\/pages\/9003\/revisions\/9028"}],"wp:attachment":[{"href":"https:\/\/www.spa-grillon.fr\/index.php?rest_route=%2Fwp%2Fv2%2Fmedia&parent=9003"}],"curies":[{"name":"wp","href":"https:\/\/api.w.org\/{rel}","templated":true}]}}