{"id":901,"date":"2011-07-24T16:52:27","date_gmt":"2011-07-24T15:52:27","guid":{"rendered":"http:\/\/www.spa-grillon.fr\/?page_id=901"},"modified":"2026-05-12T20:47:12","modified_gmt":"2026-05-12T19:47:12","slug":"les-chats","status":"publish","type":"page","link":"https:\/\/www.spa-grillon.fr\/?page_id=901","title":{"rendered":"Les chats"},"content":{"rendered":"<p style=\"padding-left: 30px; text-align: center;\">Pour conna\u00eetre les caract\u00e9ristiques de chaque chat, cliquer sur l\u2019image.<\/p>\n<p style=\"text-align: justify;\">Une pr\u00e9cision \u00e0 l&rsquo;attention des visiteurs. Les chats que vous viendrez voir auront parfois tendance \u00e0 s&rsquo;enfuir. N&rsquo;en tirez pas de conclusion h\u00e2tive : certains sont tr\u00e8s familiers mais d&rsquo;autres sont simplement timides avec les \u00e9trangers et leur attitude r\u00e9serv\u00e9e ne pr\u00e9juge en rien de leur comportement futur. Prenez donc le temps, avec les chats, c&rsquo;est une pr\u00e9caution indispensable.<\/p>\n<div id=\"attachment_18667\" style=\"width: 287px\" class=\"wp-caption alignleft\"><a href=\"https:\/\/www.spa-grillon.fr\/?page_id=18665\"><img aria-describedby=\"caption-attachment-18667\" decoding=\"async\" loading=\"lazy\" class=\" wp-image-18667\" src=\"https:\/\/www.spa-grillon.fr\/wp-content\/uploads\/2026\/05\/20260426_142825-300x300.jpg\" alt=\"\" width=\"277\" height=\"277\" srcset=\"https:\/\/www.spa-grillon.fr\/wp-content\/uploads\/2026\/05\/20260426_142825-300x300.jpg 300w, https:\/\/www.spa-grillon.fr\/wp-content\/uploads\/2026\/05\/20260426_142825-1024x1024.jpg 1024w, https:\/\/www.spa-grillon.fr\/wp-content\/uploads\/2026\/05\/20260426_142825-150x150.jpg 150w, https:\/\/www.spa-grillon.fr\/wp-content\/uploads\/2026\/05\/20260426_142825-768x768.jpg 768w, https:\/\/www.spa-grillon.fr\/wp-content\/uploads\/2026\/05\/20260426_142825-1536x1536.jpg 1536w, https:\/\/www.spa-grillon.fr\/wp-content\/uploads\/2026\/05\/20260426_142825.jpg 1639w\" sizes=\"(max-width: 277px) 100vw, 277px\" \/><\/a><p id=\"caption-attachment-18667\" class=\"wp-caption-text\"><a href=\"https:\/\/www.spa-grillon.fr\/?page_id=18665\">EDDIE, n\u00e9 en 02\/2025<\/a><\/p><\/div>\n<div id=\"attachment_16951\" style=\"width: 287px\" class=\"wp-caption alignleft\"><a href=\"https:\/\/www.spa-grillon.fr\/?p=16948\"><img aria-describedby=\"caption-attachment-16951\" decoding=\"async\" loading=\"lazy\" class=\" wp-image-16951\" src=\"https:\/\/www.spa-grillon.fr\/wp-content\/uploads\/2025\/03\/20250329_075352-300x300.jpg\" alt=\"\" width=\"277\" height=\"277\" srcset=\"https:\/\/www.spa-grillon.fr\/wp-content\/uploads\/2025\/03\/20250329_075352-300x300.jpg 300w, https:\/\/www.spa-grillon.fr\/wp-content\/uploads\/2025\/03\/20250329_075352-1024x1024.jpg 1024w, https:\/\/www.spa-grillon.fr\/wp-content\/uploads\/2025\/03\/20250329_075352-150x150.jpg 150w, https:\/\/www.spa-grillon.fr\/wp-content\/uploads\/2025\/03\/20250329_075352-768x768.jpg 768w, https:\/\/www.spa-grillon.fr\/wp-content\/uploads\/2025\/03\/20250329_075352-1536x1536.jpg 1536w, https:\/\/www.spa-grillon.fr\/wp-content\/uploads\/2025\/03\/20250329_075352.jpg 1800w\" sizes=\"(max-width: 277px) 100vw, 277px\" \/><\/a><p id=\"caption-attachment-16951\" class=\"wp-caption-text\"><a href=\"https:\/\/www.spa-grillon.fr\/?p=16948\">BAGHERRA, n\u00e9 en 01\/2022<\/a><\/p><\/div>\n<div id=\"attachment_16180\" style=\"width: 287px\" class=\"wp-caption alignleft\"><a href=\"https:\/\/www.spa-grillon.fr\/?page_id=16178\"><img aria-describedby=\"caption-attachment-16180\" decoding=\"async\" loading=\"lazy\" class=\" wp-image-16180\" src=\"https:\/\/www.spa-grillon.fr\/wp-content\/uploads\/2024\/10\/20241015_172724-1024x1024.jpg\" alt=\"\" width=\"277\" height=\"277\" srcset=\"https:\/\/www.spa-grillon.fr\/wp-content\/uploads\/2024\/10\/20241015_172724-1024x1024.jpg 1024w, https:\/\/www.spa-grillon.fr\/wp-content\/uploads\/2024\/10\/20241015_172724-300x300.jpg 300w, https:\/\/www.spa-grillon.fr\/wp-content\/uploads\/2024\/10\/20241015_172724-150x150.jpg 150w, https:\/\/www.spa-grillon.fr\/wp-content\/uploads\/2024\/10\/20241015_172724-768x768.jpg 768w, https:\/\/www.spa-grillon.fr\/wp-content\/uploads\/2024\/10\/20241015_172724-1536x1536.jpg 1536w, https:\/\/www.spa-grillon.fr\/wp-content\/uploads\/2024\/10\/20241015_172724-2048x2048.jpg 2048w\" sizes=\"(max-width: 277px) 100vw, 277px\" \/><\/a><p id=\"caption-attachment-16180\" class=\"wp-caption-text\"><a href=\"https:\/\/www.spa-grillon.fr\/?page_id=16178\">TILIO, n\u00e9 en 03\/2022<\/a><\/p><\/div>\n<div id=\"attachment_16173\" style=\"width: 287px\" class=\"wp-caption alignleft\"><a href=\"https:\/\/www.spa-grillon.fr\/?page_id=16168\"><img aria-describedby=\"caption-attachment-16173\" decoding=\"async\" loading=\"lazy\" class=\"wp-image-16173 \" src=\"https:\/\/www.spa-grillon.fr\/wp-content\/uploads\/2024\/10\/OMalley-3-1-e1729024884675-300x300.jpg\" alt=\"\" width=\"277\" height=\"277\" srcset=\"https:\/\/www.spa-grillon.fr\/wp-content\/uploads\/2024\/10\/OMalley-3-1-e1729024884675-300x300.jpg 300w, https:\/\/www.spa-grillon.fr\/wp-content\/uploads\/2024\/10\/OMalley-3-1-e1729024884675-150x150.jpg 150w, https:\/\/www.spa-grillon.fr\/wp-content\/uploads\/2024\/10\/OMalley-3-1-e1729024884675.jpg 658w\" sizes=\"(max-width: 277px) 100vw, 277px\" \/><\/a><p id=\"caption-attachment-16173\" class=\"wp-caption-text\"><a href=\"https:\/\/www.spa-grillon.fr\/?page_id=16168\">O&rsquo;MALLEY, n\u00e9 en 01\/2018<\/a><\/p><\/div>\n<div id=\"attachment_16257\" style=\"width: 287px\" class=\"wp-caption alignleft\"><a href=\"https:\/\/www.spa-grillon.fr\/?page_id=16161\"><img aria-describedby=\"caption-attachment-16257\" decoding=\"async\" loading=\"lazy\" class=\"wp-image-16257\" src=\"https:\/\/www.spa-grillon.fr\/wp-content\/uploads\/2024\/10\/20230611_090147-1-e1729758542609-300x300.jpg\" alt=\"\" width=\"277\" height=\"277\" srcset=\"https:\/\/www.spa-grillon.fr\/wp-content\/uploads\/2024\/10\/20230611_090147-1-e1729758542609-300x300.jpg 300w, https:\/\/www.spa-grillon.fr\/wp-content\/uploads\/2024\/10\/20230611_090147-1-e1729758542609-1024x1024.jpg 1024w, https:\/\/www.spa-grillon.fr\/wp-content\/uploads\/2024\/10\/20230611_090147-1-e1729758542609-150x150.jpg 150w, https:\/\/www.spa-grillon.fr\/wp-content\/uploads\/2024\/10\/20230611_090147-1-e1729758542609-768x768.jpg 768w, https:\/\/www.spa-grillon.fr\/wp-content\/uploads\/2024\/10\/20230611_090147-1-e1729758542609.jpg 1536w\" sizes=\"(max-width: 277px) 100vw, 277px\" \/><\/a><p id=\"caption-attachment-16257\" class=\"wp-caption-text\"><a href=\"https:\/\/www.spa-grillon.fr\/?page_id=16161\">SYLVESTRE, n\u00e9 en 09\/2021<\/a><\/p><\/div>\n<div id=\"attachment_3489\" style=\"width: 287px\" class=\"wp-caption alignleft\"><a href=\"http:\/\/www.spa-grillon.fr\/?page_id=3488\"><img aria-describedby=\"caption-attachment-3489\" decoding=\"async\" loading=\"lazy\" class=\"wp-image-3489\" src=\"http:\/\/www.spa-grillon.fr\/wp-content\/uploads\/2016\/02\/levin-300x300.jpg\" alt=\"LEVIN, n\u00e9 en 2015\" width=\"277\" height=\"277\" srcset=\"https:\/\/www.spa-grillon.fr\/wp-content\/uploads\/2016\/02\/levin-300x300.jpg 300w, https:\/\/www.spa-grillon.fr\/wp-content\/uploads\/2016\/02\/levin-150x150.jpg 150w, https:\/\/www.spa-grillon.fr\/wp-content\/uploads\/2016\/02\/levin-768x768.jpg 768w, https:\/\/www.spa-grillon.fr\/wp-content\/uploads\/2016\/02\/levin-1024x1024.jpg 1024w\" sizes=\"(max-width: 277px) 100vw, 277px\" \/><\/a><p id=\"caption-attachment-3489\" class=\"wp-caption-text\"><a href=\"http:\/\/www.spa-grillon.fr\/?page_id=3488\">LEVIN, n\u00e9 en 2015<\/a><\/p><\/div>\n<div id=\"attachment_16199\" style=\"width: 287px\" class=\"wp-caption alignleft\"><a href=\"https:\/\/www.spa-grillon.fr\/?page_id=16194\"><img aria-describedby=\"caption-attachment-16199\" decoding=\"async\" loading=\"lazy\" class=\"wp-image-16199 \" src=\"https:\/\/www.spa-grillon.fr\/wp-content\/uploads\/2024\/10\/Sake-3-edited-e1729438571959-1024x1024.jpg\" alt=\"\" width=\"277\" height=\"277\" srcset=\"https:\/\/www.spa-grillon.fr\/wp-content\/uploads\/2024\/10\/Sake-3-edited-e1729438571959-1024x1024.jpg 1024w, https:\/\/www.spa-grillon.fr\/wp-content\/uploads\/2024\/10\/Sake-3-edited-e1729438571959-300x300.jpg 300w, https:\/\/www.spa-grillon.fr\/wp-content\/uploads\/2024\/10\/Sake-3-edited-e1729438571959-150x150.jpg 150w, https:\/\/www.spa-grillon.fr\/wp-content\/uploads\/2024\/10\/Sake-3-edited-e1729438571959-768x768.jpg 768w, https:\/\/www.spa-grillon.fr\/wp-content\/uploads\/2024\/10\/Sake-3-edited-e1729438571959-1536x1536.jpg 1536w, https:\/\/www.spa-grillon.fr\/wp-content\/uploads\/2024\/10\/Sake-3-edited-e1729438571959.jpg 1848w\" sizes=\"(max-width: 277px) 100vw, 277px\" \/><\/a><p id=\"caption-attachment-16199\" class=\"wp-caption-text\"><a href=\"https:\/\/www.spa-grillon.fr\/?page_id=16194\">SAKE, n\u00e9 en 06\/2021<\/a><\/p><\/div>\n<div id=\"attachment_16189\" style=\"width: 287px\" class=\"wp-caption alignleft\"><a href=\"https:\/\/www.spa-grillon.fr\/?page_id=16188\"><img aria-describedby=\"caption-attachment-16189\" decoding=\"async\" loading=\"lazy\" class=\" wp-image-16189\" src=\"https:\/\/www.spa-grillon.fr\/wp-content\/uploads\/2024\/10\/Lucky-2-1024x1024.jpg\" alt=\"\" width=\"277\" height=\"277\" srcset=\"https:\/\/www.spa-grillon.fr\/wp-content\/uploads\/2024\/10\/Lucky-2-1024x1024.jpg 1024w, https:\/\/www.spa-grillon.fr\/wp-content\/uploads\/2024\/10\/Lucky-2-300x300.jpg 300w, https:\/\/www.spa-grillon.fr\/wp-content\/uploads\/2024\/10\/Lucky-2-150x150.jpg 150w, https:\/\/www.spa-grillon.fr\/wp-content\/uploads\/2024\/10\/Lucky-2-768x768.jpg 768w, https:\/\/www.spa-grillon.fr\/wp-content\/uploads\/2024\/10\/Lucky-2.jpg 1185w\" sizes=\"(max-width: 277px) 100vw, 277px\" \/><\/a><p id=\"caption-attachment-16189\" class=\"wp-caption-text\"><a href=\"https:\/\/www.spa-grillon.fr\/?page_id=16188\">LUCKY, n\u00e9 en 07\/2016<\/a><\/p><\/div>\n<div id=\"attachment_5933\" style=\"width: 287px\" class=\"wp-caption alignleft\"><a href=\"http:\/\/www.spa-grillon.fr\/?page_id=4271\"><img aria-describedby=\"caption-attachment-5933\" decoding=\"async\" loading=\"lazy\" class=\"wp-image-5933\" src=\"http:\/\/www.spa-grillon.fr\/wp-content\/uploads\/2017\/04\/Loco-1-300x300.jpg\" alt=\"\" width=\"277\" height=\"277\" srcset=\"https:\/\/www.spa-grillon.fr\/wp-content\/uploads\/2017\/04\/Loco-1-300x300.jpg 300w, https:\/\/www.spa-grillon.fr\/wp-content\/uploads\/2017\/04\/Loco-1-150x150.jpg 150w, https:\/\/www.spa-grillon.fr\/wp-content\/uploads\/2017\/04\/Loco-1-768x768.jpg 768w, https:\/\/www.spa-grillon.fr\/wp-content\/uploads\/2017\/04\/Loco-1.jpg 996w\" sizes=\"(max-width: 277px) 100vw, 277px\" \/><\/a><p id=\"caption-attachment-5933\" class=\"wp-caption-text\"><a href=\"http:\/\/www.spa-grillon.fr\/?page_id=4271\">LOCO, n\u00e9 en 2015<\/a><\/p><\/div>\n<div id=\"attachment_16321\" style=\"width: 287px\" class=\"wp-caption alignleft\"><a href=\"https:\/\/www.spa-grillon.fr\/?page_id=16866\"><img aria-describedby=\"caption-attachment-16321\" decoding=\"async\" loading=\"lazy\" class=\" wp-image-16321\" src=\"https:\/\/www.spa-grillon.fr\/wp-content\/uploads\/2024\/11\/Zenon-1-300x300.jpg\" alt=\"\" width=\"277\" height=\"277\" srcset=\"https:\/\/www.spa-grillon.fr\/wp-content\/uploads\/2024\/11\/Zenon-1-300x300.jpg 300w, https:\/\/www.spa-grillon.fr\/wp-content\/uploads\/2024\/11\/Zenon-1-1024x1024.jpg 1024w, https:\/\/www.spa-grillon.fr\/wp-content\/uploads\/2024\/11\/Zenon-1-150x150.jpg 150w, https:\/\/www.spa-grillon.fr\/wp-content\/uploads\/2024\/11\/Zenon-1-768x768.jpg 768w, https:\/\/www.spa-grillon.fr\/wp-content\/uploads\/2024\/11\/Zenon-1-1536x1536.jpg 1536w, https:\/\/www.spa-grillon.fr\/wp-content\/uploads\/2024\/11\/Zenon-1-2048x2048.jpg 2048w\" sizes=\"(max-width: 277px) 100vw, 277px\" \/><\/a><p id=\"caption-attachment-16321\" class=\"wp-caption-text\"><a href=\"https:\/\/www.spa-grillon.fr\/?page_id=16866\">ZENON, n\u00e9 en 04\/2024\u00a0\u00a0<\/a><\/p><\/div>\n<div id=\"attachment_16230\" style=\"width: 287px\" class=\"wp-caption alignleft\"><a href=\"https:\/\/www.spa-grillon.fr\/?page_id=16868\"><img aria-describedby=\"caption-attachment-16230\" decoding=\"async\" loading=\"lazy\" class=\" wp-image-16230\" src=\"https:\/\/www.spa-grillon.fr\/wp-content\/uploads\/2024\/10\/Zola-300x300.jpg\" alt=\"\" width=\"277\" height=\"277\" srcset=\"https:\/\/www.spa-grillon.fr\/wp-content\/uploads\/2024\/10\/Zola-300x300.jpg 300w, https:\/\/www.spa-grillon.fr\/wp-content\/uploads\/2024\/10\/Zola-1024x1024.jpg 1024w, https:\/\/www.spa-grillon.fr\/wp-content\/uploads\/2024\/10\/Zola-150x150.jpg 150w, https:\/\/www.spa-grillon.fr\/wp-content\/uploads\/2024\/10\/Zola-768x768.jpg 768w, https:\/\/www.spa-grillon.fr\/wp-content\/uploads\/2024\/10\/Zola.jpg 1335w\" sizes=\"(max-width: 277px) 100vw, 277px\" \/><\/a><p id=\"caption-attachment-16230\" class=\"wp-caption-text\"><a href=\"https:\/\/www.spa-grillon.fr\/?page_id=16868\">ZOLA, n\u00e9 en 04\/2024\u00a0<\/a><\/p><\/div>\n","protected":false},"excerpt":{"rendered":"<p>Pour conna\u00eetre les caract\u00e9ristiques de chaque chat, cliquer sur l\u2019image. Une pr\u00e9cision \u00e0 l&rsquo;attention des visiteurs. Les chats que vous viendrez voir auront parfois tendance \u00e0 s&rsquo;enfuir. N&rsquo;en tirez pas de conclusion h\u00e2tive : certains sont tr\u00e8s familiers mais d&rsquo;autres &hellip; <a href=\"https:\/\/www.spa-grillon.fr\/?page_id=901\">Continuer la lecture <span class=\"meta-nav\">&rarr;<\/span><\/a><\/p>\n","protected":false},"author":2,"featured_media":296,"parent":213,"menu_order":0,"comment_status":"closed","ping_status":"closed","template":"","meta":[],"_links":{"self":[{"href":"https:\/\/www.spa-grillon.fr\/index.php?rest_route=\/wp\/v2\/pages\/901"}],"collection":[{"href":"https:\/\/www.spa-grillon.fr\/index.php?rest_route=\/wp\/v2\/pages"}],"about":[{"href":"https:\/\/www.spa-grillon.fr\/index.php?rest_route=\/wp\/v2\/types\/page"}],"author":[{"embeddable":true,"href":"https:\/\/www.spa-grillon.fr\/index.php?rest_route=\/wp\/v2\/users\/2"}],"replies":[{"embeddable":true,"href":"https:\/\/www.spa-grillon.fr\/index.php?rest_route=%2Fwp%2Fv2%2Fcomments&post=901"}],"version-history":[{"count":205,"href":"https:\/\/www.spa-grillon.fr\/index.php?rest_route=\/wp\/v2\/pages\/901\/revisions"}],"predecessor-version":[{"id":18670,"href":"https:\/\/www.spa-grillon.fr\/index.php?rest_route=\/wp\/v2\/pages\/901\/revisions\/18670"}],"up":[{"embeddable":true,"href":"https:\/\/www.spa-grillon.fr\/index.php?rest_route=\/wp\/v2\/pages\/213"}],"wp:featuredmedia":[{"embeddable":true,"href":"https:\/\/www.spa-grillon.fr\/index.php?rest_route=\/wp\/v2\/media\/296"}],"wp:attachment":[{"href":"https:\/\/www.spa-grillon.fr\/index.php?rest_route=%2Fwp%2Fv2%2Fmedia&parent=901"}],"curies":[{"name":"wp","href":"https:\/\/api.w.org\/{rel}","templated":true}]}}