{"id":9354,"date":"2020-07-29T15:21:27","date_gmt":"2020-07-29T14:21:27","guid":{"rendered":"http:\/\/www.spa-grillon.fr\/?page_id=9354"},"modified":"2021-02-28T07:28:16","modified_gmt":"2021-02-28T06:28:16","slug":"roky","status":"publish","type":"page","link":"https:\/\/www.spa-grillon.fr\/?page_id=9354","title":{"rendered":"ROKY"},"content":{"rendered":"<p><strong><img decoding=\"async\" loading=\"lazy\" class=\"alignleft size-medium wp-image-9358\" src=\"http:\/\/www.spa-grillon.fr\/wp-content\/uploads\/2020\/07\/Roky-3-300x300.jpg\" alt=\"Roky''\" width=\"300\" height=\"300\" srcset=\"https:\/\/www.spa-grillon.fr\/wp-content\/uploads\/2020\/07\/Roky-3-300x300.jpg 300w, https:\/\/www.spa-grillon.fr\/wp-content\/uploads\/2020\/07\/Roky-3-150x150.jpg 150w, https:\/\/www.spa-grillon.fr\/wp-content\/uploads\/2020\/07\/Roky-3-768x768.jpg 768w, https:\/\/www.spa-grillon.fr\/wp-content\/uploads\/2020\/07\/Roky-3.jpg 966w\" sizes=\"(max-width: 300px) 100vw, 300px\" \/><\/strong><\/p>\n<p>&nbsp;<\/p>\n<p><strong>Sexe<\/strong> : m\u00e2le<\/p>\n<p><strong>Race <\/strong>: berger belge malinois<\/p>\n<p><strong>Age <\/strong>: n\u00e9 en 03\/2019<\/p>\n<p><strong>Taille <\/strong>: grande<\/p>\n<p>&nbsp;<\/p>\n<p style=\"text-align: justify;\"><strong><br \/>\nCaract\u00e9ristiques<\/strong> : Un char d&rsquo;assaut plein de tendresse : voici Roky! C&rsquo;est un chien tr\u00e8s affectueux, tr\u00e8s joueur et attachant. Il ne sent pas sa force et il en a \u00e0 revendre. En revanche, peu d&rsquo;endurance, ce qui fait que le d\u00e9part de la balade est tr\u00e8s sportif mais une fois en route, il est assez calme. Tout cela se travaille et Roky est intelligent et ob\u00e9issant : il saura sans nul doute apprendre \u00e0 canaliser son dynamisme. C&rsquo;est un dur en apparence qui cache un c\u0153ur tendre !\u00a0 Il vivait avec des enfants, des chats, m\u00eame s&rsquo;il semble un peu trop int\u00e9ress\u00e9 par ces derniers au refuge. Il est tr\u00e8s \u00e9quilibr\u00e9 et semble bien s&rsquo;entendre avec ses cong\u00e9n\u00e8res : seule sa corpulence peut rendre d\u00e9licate la cohabitation avec un chien trop petit. Il faudra de toute fa\u00e7on faire un test au pr\u00e9alable. Comme tous les malinois, Roky a besoin d&rsquo;action et d&rsquo;occupation : il ne peut pas rester seul tout le jour dans un jardin, sinon, il ira se promener tout seul ou sera malheureux. C&rsquo;est un chien de famille, pas un gardien solitaire. On cherche donc pour Roky un ma\u00eetre disponible, responsable, qui terminera son \u00e9ducation et qui saura r\u00e9sister \u00e0 sa puissance et exploiter toutes ses qualit\u00e9s. C&rsquo;est justement ce manque de temps \u00e0 lui consacrer qui a pouss\u00e9 ses anciens propri\u00e9taires, qui l&rsquo;aimaient pourtant beaucoup, \u00e0 le confier \u00e0 une famille plus adapt\u00e9e \u00e0 ses besoins. Roky est vraiment un amour et, pour qui appr\u00e9cie la race, un vrai bonheur de chien !<\/p>\n<p style=\"text-align: justify;\"><img decoding=\"async\" loading=\"lazy\" class=\"aligncenter wp-image-9355 \" src=\"http:\/\/www.spa-grillon.fr\/wp-content\/uploads\/2020\/07\/Roky-e1596032720109-1024x1024.jpg\" alt=\"All-focus\" width=\"502\" height=\"502\" \/><\/p>\n<p style=\"text-align: justify;\"><img decoding=\"async\" loading=\"lazy\" class=\"wp-image-10156 aligncenter\" src=\"http:\/\/www.spa-grillon.fr\/wp-content\/uploads\/2020\/07\/Roky-5.jpg\" alt=\"Roky (5)\" width=\"497\" height=\"497\" srcset=\"https:\/\/www.spa-grillon.fr\/wp-content\/uploads\/2020\/07\/Roky-5.jpg 2405w, https:\/\/www.spa-grillon.fr\/wp-content\/uploads\/2020\/07\/Roky-5-150x150.jpg 150w, https:\/\/www.spa-grillon.fr\/wp-content\/uploads\/2020\/07\/Roky-5-300x300.jpg 300w, https:\/\/www.spa-grillon.fr\/wp-content\/uploads\/2020\/07\/Roky-5-768x768.jpg 768w, https:\/\/www.spa-grillon.fr\/wp-content\/uploads\/2020\/07\/Roky-5-1024x1024.jpg 1024w\" sizes=\"(max-width: 497px) 100vw, 497px\" \/><\/p>\n<p style=\"text-align: justify;\"><img decoding=\"async\" loading=\"lazy\" class=\"wp-image-10155 aligncenter\" src=\"http:\/\/www.spa-grillon.fr\/wp-content\/uploads\/2020\/07\/Roky-4-1.jpg\" alt=\"Roky (4)\" width=\"481\" height=\"494\" srcset=\"https:\/\/www.spa-grillon.fr\/wp-content\/uploads\/2020\/07\/Roky-4-1.jpg 2248w, https:\/\/www.spa-grillon.fr\/wp-content\/uploads\/2020\/07\/Roky-4-1-292x300.jpg 292w, https:\/\/www.spa-grillon.fr\/wp-content\/uploads\/2020\/07\/Roky-4-1-768x789.jpg 768w, https:\/\/www.spa-grillon.fr\/wp-content\/uploads\/2020\/07\/Roky-4-1-997x1024.jpg 997w\" sizes=\"(max-width: 481px) 100vw, 481px\" \/><img decoding=\"async\" loading=\"lazy\" class=\"wp-image-9361 aligncenter\" src=\"http:\/\/www.spa-grillon.fr\/wp-content\/uploads\/2020\/07\/Roky2-1024x1024.jpg\" alt=\"Roky2\" width=\"503\" height=\"503\" srcset=\"https:\/\/www.spa-grillon.fr\/wp-content\/uploads\/2020\/07\/Roky2-1024x1024.jpg 1024w, https:\/\/www.spa-grillon.fr\/wp-content\/uploads\/2020\/07\/Roky2-150x150.jpg 150w, https:\/\/www.spa-grillon.fr\/wp-content\/uploads\/2020\/07\/Roky2-300x300.jpg 300w, https:\/\/www.spa-grillon.fr\/wp-content\/uploads\/2020\/07\/Roky2-768x768.jpg 768w\" sizes=\"(max-width: 503px) 100vw, 503px\" \/><\/p>\n<p style=\"text-align: justify;\"><img decoding=\"async\" loading=\"lazy\" class=\"wp-image-9360 aligncenter\" src=\"http:\/\/www.spa-grillon.fr\/wp-content\/uploads\/2020\/07\/Roky1-e1596032473589-1024x1024.jpg\" alt=\"Roky1\" width=\"501\" height=\"501\" srcset=\"https:\/\/www.spa-grillon.fr\/wp-content\/uploads\/2020\/07\/Roky1-e1596032473589-1024x1024.jpg 1024w, https:\/\/www.spa-grillon.fr\/wp-content\/uploads\/2020\/07\/Roky1-e1596032473589-150x150.jpg 150w, https:\/\/www.spa-grillon.fr\/wp-content\/uploads\/2020\/07\/Roky1-e1596032473589-300x300.jpg 300w, https:\/\/www.spa-grillon.fr\/wp-content\/uploads\/2020\/07\/Roky1-e1596032473589-768x768.jpg 768w\" sizes=\"(max-width: 501px) 100vw, 501px\" \/><\/p>\n","protected":false},"excerpt":{"rendered":"<p>&nbsp; Sexe : m\u00e2le Race : berger belge malinois Age : n\u00e9 en 03\/2019 Taille : grande &nbsp; Caract\u00e9ristiques : Un char d&rsquo;assaut plein de tendresse : voici Roky! C&rsquo;est un chien tr\u00e8s affectueux, tr\u00e8s joueur et attachant. Il ne &hellip; <a href=\"https:\/\/www.spa-grillon.fr\/?page_id=9354\">Continuer la lecture <span class=\"meta-nav\">&rarr;<\/span><\/a><\/p>\n","protected":false},"author":2,"featured_media":0,"parent":0,"menu_order":0,"comment_status":"closed","ping_status":"closed","template":"","meta":[],"_links":{"self":[{"href":"https:\/\/www.spa-grillon.fr\/index.php?rest_route=\/wp\/v2\/pages\/9354"}],"collection":[{"href":"https:\/\/www.spa-grillon.fr\/index.php?rest_route=\/wp\/v2\/pages"}],"about":[{"href":"https:\/\/www.spa-grillon.fr\/index.php?rest_route=\/wp\/v2\/types\/page"}],"author":[{"embeddable":true,"href":"https:\/\/www.spa-grillon.fr\/index.php?rest_route=\/wp\/v2\/users\/2"}],"replies":[{"embeddable":true,"href":"https:\/\/www.spa-grillon.fr\/index.php?rest_route=%2Fwp%2Fv2%2Fcomments&post=9354"}],"version-history":[{"count":6,"href":"https:\/\/www.spa-grillon.fr\/index.php?rest_route=\/wp\/v2\/pages\/9354\/revisions"}],"predecessor-version":[{"id":10157,"href":"https:\/\/www.spa-grillon.fr\/index.php?rest_route=\/wp\/v2\/pages\/9354\/revisions\/10157"}],"wp:attachment":[{"href":"https:\/\/www.spa-grillon.fr\/index.php?rest_route=%2Fwp%2Fv2%2Fmedia&parent=9354"}],"curies":[{"name":"wp","href":"https:\/\/api.w.org\/{rel}","templated":true}]}}